{"id":48,"date":"2021-03-03T18:53:42","date_gmt":"2021-03-03T17:53:42","guid":{"rendered":"https:\/\/blue-design.org\/?page_id=48"},"modified":"2025-06-24T16:02:08","modified_gmt":"2025-06-24T15:02:08","slug":"vm-sails","status":"publish","type":"page","link":"https:\/\/blue-design.org\/?page_id=48","title":{"rendered":"VM SAILS"},"content":{"rendered":"\n<p style=\"font-size:19px\"><strong><mark style=\"background-color:rgba(0, 0, 0, 0)\" class=\"has-inline-color has-vivid-red-color\"><\/mark><\/strong><\/p>\n\n\n<div class=\"wp-block-image\">\n<figure class=\"aligncenter size-large is-resized\"><img loading=\"lazy\" decoding=\"async\" width=\"1024\" height=\"361\" src=\"https:\/\/blue-design.org\/wp-content\/uploads\/2021\/03\/vmentete2-1024x361.jpg\" alt=\"\" class=\"wp-image-58\" style=\"width:837px;height:295px\" srcset=\"https:\/\/blue-design.org\/wp-content\/uploads\/2021\/03\/vmentete2-1024x361.jpg 1024w, https:\/\/blue-design.org\/wp-content\/uploads\/2021\/03\/vmentete2-300x106.jpg 300w, https:\/\/blue-design.org\/wp-content\/uploads\/2021\/03\/vmentete2-768x271.jpg 768w, https:\/\/blue-design.org\/wp-content\/uploads\/2021\/03\/vmentete2-1536x541.jpg 1536w, https:\/\/blue-design.org\/wp-content\/uploads\/2021\/03\/vmentete2-2048x721.jpg 2048w\" sizes=\"auto, (max-width: 1024px) 100vw, 1024px\" \/><\/figure>\n<\/div>\n\n\n<div class=\"wp-block-group\"><div class=\"wp-block-group__inner-container is-layout-flow wp-block-group-is-layout-flow\">\n<div class=\"wp-block-group\"><div class=\"wp-block-group__inner-container is-layout-flow wp-block-group-is-layout-flow\">\n<div class=\"wp-block-group\"><div class=\"wp-block-group__inner-container is-layout-flow wp-block-group-is-layout-flow\">\n<div class=\"wp-block-group\"><div class=\"wp-block-group__inner-container is-layout-flow wp-block-group-is-layout-flow\">\n<p class=\"has-text-align-center has-text-color has-normal-font-size\" style=\"color:#151f90\"><strong>VM-Sails est une voilerie suisse qui depuis plus de 40 ans \u00e0 un champ d\u2019activit\u00e9 international.<\/strong><\/p>\n\n\n\n<p class=\"has-text-align-center has-text-color has-normal-font-size\" style=\"color:#151f90\"><strong>Dans l\u2019histoire de la soci\u00e9t\u00e9 de nombreux titres, olympiques, d\u2019Europe et du monde ont \u00e9t\u00e9 gagn\u00e9s avec nos voiles.<\/strong><\/p>\n\n\n\n<p class=\"has-text-align-center has-text-color has-normal-font-size\" style=\"color:#151f90\"><strong>Des navigateurs de croisi\u00e8res comme des r\u00e9gatiers de hauts niveaux font confiances depuis des ann\u00e9es au savoir faire qui offre des performances et une qualit\u00e9 \u00e0 tous.<\/strong><\/p>\n\n\n\n<p class=\"has-text-align-center has-text-color has-normal-font-size\" style=\"color:#151f90\"><strong>Depuis plus de 10 ans VM-Sails est pr\u00e9sent sur le lac de Neuch\u00e2tel, notre repr\u00e9sentant se fera un plaisir de vous conseillez.<\/strong><\/p>\n\n\n\n<p class=\"has-text-align-center has-text-color has-normal-font-size\" style=\"color:#151f90\"><strong>Notre service de r\u00e9paration situ\u00e9 \u00e0 Bevaix et La Chaux-de-Fonds est \u00e0 votre service<\/strong><\/p>\n\n\n\n<p class=\"has-text-align-center has-text-color has-normal-font-size\" style=\"color:#151f90\"><strong>Apr\u00e8s un appel t\u00e9l\u00e9phonique, d\u00e9poser votre voile \u00e0 un de nos ateliers.<\/strong><\/p>\n\n\n\n<p class=\"has-text-align-center has-text-color has-normal-font-size\" style=\"color:#151f90\"><strong>Apr\u00e8s un appel t\u00e9l\u00e9phonique,nous venons chercher votre voile sur votre bateau et nous la remettons en place apr\u00e8s r\u00e9paration.<\/strong><\/p>\n\n\n\n<p class=\"has-text-align-center has-text-color has-normal-font-size\" style=\"color:#151f90\"><strong>Votre satisfaction est notre meilleure publicit\u00e9.<\/strong> <\/p>\n\n\n\n<p class=\"has-text-align-center has-vivid-red-color has-text-color has-normal-font-size\"><strong>Pensez \u00e0 faire contr\u00f4ler vos voiles, notre service de r\u00e9paration est \u00e0 votre disposition tout l&rsquo;\u00e9t\u00e9<\/strong><\/p>\n\n\n\n<p class=\"has-text-align-center has-text-color has-medium-font-size\" style=\"color:#e64105\"> Dans  notre nouvelle page \u00a0\u00bb Offre \u00e0 saisir \u00a0\u00bb des annonces ou articles qui pourraient vous int\u00e9ressez<\/p>\n\n\n\n<p class=\"has-text-color\" style=\"color:#e64105\"><\/p>\n<\/div><\/div>\n<\/div><\/div>\n<\/div><\/div>\n<\/div><\/div>\n\n\n\n<p class=\"has-text-align-center has-white-color has-vivid-cyan-blue-background-color has-text-color has-background has-normal-font-size\">Mobile:  +41 79 240 50 08     <\/p>\n\n\n\n<div class=\"wp-block-buttons is-horizontal is-content-justification-center is-layout-flex wp-container-core-buttons-is-layout-499968f5 wp-block-buttons-is-layout-flex\">\n<div class=\"wp-block-button is-style-outline is-style-outline--1\"><a class=\"wp-block-button__link has-white-color has-vivid-cyan-blue-background-color has-text-color has-background wp-element-button\" href=\"mailto:r-bourquin@bluewin.ch\" style=\"border-radius:49px\">Envoyer un mail<\/a><\/div>\n<\/div>\n\n\n\n<p><\/p>\n","protected":false},"excerpt":{"rendered":"<p>VM-Sails est une voilerie suisse qui depuis plus de 40 ans \u00e0 un champ d\u2019activit\u00e9 international. Dans l\u2019histoire de la soci\u00e9t\u00e9 de nombreux titres, olympiques, d\u2019Europe et du monde ont \u00e9t\u00e9 gagn\u00e9s avec nos voiles. Des navigateurs de croisi\u00e8res comme des r\u00e9gatiers de hauts niveaux font confiances depuis des ann\u00e9es au savoir faire qui offre des performances et une qualit\u00e9 \u00e0 tous. Depuis plus de 10 ans VM-Sails est pr\u00e9sent sur le lac de Neuch\u00e2tel, notre repr\u00e9sentant se fera un plaisir de vous conseillez. Notre service de r\u00e9paration situ\u00e9 \u00e0 Bevaix et La Chaux-de-Fonds est \u00e0 votre service Apr\u00e8s un &hellip; <\/p>\n","protected":false},"author":2,"featured_media":0,"parent":0,"menu_order":0,"comment_status":"closed","ping_status":"closed","template":"","meta":{"footnotes":""},"class_list":["post-48","page","type-page","status-publish","hentry"],"_links":{"self":[{"href":"https:\/\/blue-design.org\/index.php?rest_route=\/wp\/v2\/pages\/48","targetHints":{"allow":["GET"]}}],"collection":[{"href":"https:\/\/blue-design.org\/index.php?rest_route=\/wp\/v2\/pages"}],"about":[{"href":"https:\/\/blue-design.org\/index.php?rest_route=\/wp\/v2\/types\/page"}],"author":[{"embeddable":true,"href":"https:\/\/blue-design.org\/index.php?rest_route=\/wp\/v2\/users\/2"}],"replies":[{"embeddable":true,"href":"https:\/\/blue-design.org\/index.php?rest_route=%2Fwp%2Fv2%2Fcomments&post=48"}],"version-history":[{"count":25,"href":"https:\/\/blue-design.org\/index.php?rest_route=\/wp\/v2\/pages\/48\/revisions"}],"predecessor-version":[{"id":282,"href":"https:\/\/blue-design.org\/index.php?rest_route=\/wp\/v2\/pages\/48\/revisions\/282"}],"wp:attachment":[{"href":"https:\/\/blue-design.org\/index.php?rest_route=%2Fwp%2Fv2%2Fmedia&parent=48"}],"curies":[{"name":"wp","href":"https:\/\/api.w.org\/{rel}","templated":true}]}}